{"id":119,"date":"2021-07-13T14:24:46","date_gmt":"2021-07-13T14:24:46","guid":{"rendered":"http:\/\/siwise.ch\/?page_id=119"},"modified":"2021-07-13T14:25:10","modified_gmt":"2021-07-13T14:25:10","slug":"datenschutz","status":"publish","type":"page","link":"https:\/\/siwise.ch\/?page_id=119","title":{"rendered":"Datenschutz"},"content":{"rendered":"\n<h5>Einleitung<\/h5>\n\n\n\n<p style=\"font-size:12px\">Wir (&#8222;wir&#8220;, &#8222;uns&#8220;, &#8222;unser\/e&#8220;) nehme den Schutz der Daten der Nutzer (&#8222;Nutzer&#8220; oder &#8222;Sie&#8220;) unserer Website und\/oder unseres Mobile-App (die &#8222;Website&#8220; bzw. der &#8222;Mobile-App&#8220;) sehr ernst und verpflichten uns, die Informationen, die Nutzer uns in Verbindung mit der Nutzung unserer Website und\/oder unseres Mobile-App (zusammen: &#8222;digitale Assets&#8220;) zur Verf\u00fcgung stellen, zu sch\u00fctzen. des Weiteren verpflichten wir uns, Ihre Daten gem\u00e4\u00df anwendbarem Recht zu sch\u00fctzen und zu verwenden. Diese Datenschutzlinie erl\u00e4utert unsere Praktiken in Bezug auf die Erfassung Verwendung und Offenlegung Ihrer Daten durch die Nutzung unserer digitalen Assets (die &#8222;Dienste&#8220;), wenn Sie \u00fcber Ihre Ger\u00e4te auf die Dienste zugreifen.  Lesen Sie die Datenschutzrichtlinien bitte sorgf\u00e4ltig durch und stellen Sie sicher, dass Sie unsere Praktiken in Bezug auf Ihre Daten vollumf\u00e4nglich verstehen, bevor Sie unsere Dienste verwenden. Wenn Sie diese Richtlinie gelesen &amp; vollumf\u00e4nglich verstanden haben und nicht mit unserer Vorgehensweise einverstanden sind, m\u00fcssen Sie die Nutzung unserer digitalen Assets und Dienste einstellen. Mit der Nutzung unserer Dienste erkennen Sie die Bedingungen dieser Datenschutzrichtlinie an. Die weitere Nutzung der Dienste stelle Ihre Zustimmung zu dieser Datenschutzrichtlinie und allen \u00c4nderungen daran dar.   <br>In dieser Datenschutzrichtlinie erfahren Sie:                   <br> &#8211; Wie wir Daten sammeln<br>&#8211; Welche Daten wir erfassen<br>&#8211; Warum wir diese Daten erfassen<br>&#8211; An wen wir die Daten weitergeben<br>&#8211; Wo die Daten gespeichert werden<br>&#8211; Wie lange die Daten vorgehalten werden<br>&#8211; Wie wir die Daten sch\u00fctzen<br>&#8211; Wie wir mit Minderj\u00e4hrigen umgehen<br>&#8211; Aktualisierungen oder \u00c4nderungen der Datenschutzrichtlinie<\/p>\n\n\n\n<h5>Welche Daten erfassen wir?<\/h5>\n\n\n\n<p style=\"font-size:12px\">Nachstehend erhalten Sie einen \u00dcberblick \u00fcber die Daten, die wir erfassen k\u00f6nnen.<br><br>&#8211; Nicht identifizierbare Informationen, die Sie w\u00e4hrend des Registrierungsprozesses bereitstellen oder die \u00fcber die Nutzung unserer Dienste gesammelt werden ( &#8222;nicht personenbezogene Daten&#8220;). Nicht personenbezogene Daten lassen keine R\u00fcckschl\u00fcsse darauf zu, von wem sie erfasst wurden. Nicht personenbezogene Daten, die wir erfassen, bestehen haupts\u00e4chlich aus technischen und zusammengefassten Nutzungsinformationen.<br>&#8211; Individuell identifizierbare Informationen, d.h. all jene, \u00fcber die man Sie identifizieren kann oder mit vertretbarem Aufwand identifizieren k\u00f6nnte (&#8222;personenbezogene Daten&#8220;). Zu den personenbezogenen Daten, die wir \u00fcber unsere Dienste erfassen, k\u00f6nnen Informationen geh\u00f6ren, die von Zeit zu Zeit  angefordert werden, wie Namen, E-Mail-Adressen, Telefonnummern, IP-Adressen und mehr. Wenn wir personenbezogenen mit nicht personenbezogene Daten kombinieren, werden diese, solange sie in Kombination vorliegen, von uns als personenbezogene Daten behandelt.<\/p>\n\n\n\n<h5>Wie sammeln wir Daten?<\/h5>\n\n\n\n<p style=\"font-size:12px\">Nachstehend sind die wichtigsten Methoden aufgef\u00fchrt, die wir zur Sammlung von Daten verwenden:<br><br>&#8211; Wir erfassen Daten bei der Nutzung unserer Dienste. Wenn Sie also unsere digitalen Assets besuchen und              Dienste nutzen, k\u00f6nnen wir die Nutzung, Sitzungen und die dazugeh\u00f6rigen Informationen sammeln, erfassen und speichern.<br>&#8211; Wir erfassen Daten, die Sie uns selbst zur Verf\u00fcgung stellen, beispielsweise, wenn Sie \u00fcber einen Kommunikationskanal direkt mit uns Kontakt aufnehmen (z.B. eine E-Mail mit einem Kommentar oder Feedback).<br>&#8211; Wir k\u00f6nnen, wie unten beschrieben, Daten aus Drittquellen erfassen.<br>&#8211; Wir erfassen Daten, die Sie uns zur Verf\u00fcgung stellen, wenn Sie sich \u00fcber einen Drittanbieter wie Facebook oder Google bei unseren Diensten anmelden.<\/p>\n\n\n\n<h5>Warum erfassen wir diese Daten?<\/h5>\n\n\n\n<p style=\"font-size:12px\">Wir k\u00f6nnen Ihre Daten f\u00fcr folgende Zwecke verwenden:<br><br>&#8211; um unsere Dienste zur Verf\u00fcgung zu stellen und zu betreiben;<br>&#8211; um unsere Dienste zu entwickeln, anzupassen und zu verbessern;<br>&#8211; um auf Ihr Feedback, Ihre Anfragen und W\u00fcnsche zu reagieren und Hilfe anzubieten;<br>&#8211; um Anforderung- und Nutzungsmuster zu analysieren:<br>&#8211; f\u00fcr sonstige interne, statistische und Recherchezwecke;<br>&#8211; um unsere M\u00f6glichkeiten zur Datensicherheit und Betrugspr\u00e4ventation verbessern zu k\u00f6nnen; anwendbaren Recht, den Vorschriften bzw. beh\u00f6rdlichen Anordnungen zu entsprechen;<br>&#8211; um Ihnen Aktualisierungen, Nachrichten, Werbematerial und sonstige Informationen im Zusammenhang mit unseren Diensten zu \u00fcbermitteln. Bei Werbe-E-Mails k\u00f6nnen Sie selbst entscheiden, ob Sie diese weiterhin erhalten m\u00f6chten. Wenn nicht, klicken Sie einfach auf den Abmeldelink in diesen E-Mails.<\/p>\n\n\n\n<h5>An wen geben wir diese Daten weiter?<\/h5>\n\n\n\n<p style=\"font-size:12px\">Wir k\u00f6nnen Ihre Daten an unsere Dienstleister weitergeben, um unsere Dienste zu betreiben (z.B. Speicherung von Daten \u00fcber Hosting-Dienste Dritter, Bereitstellung technischer Unterst\u00fctzung usw.)<br><br>Wir k\u00f6nnen Ihre Daten auch unter folgenden Umst\u00e4nden offenlegen: (i) um rechtswidrige Aktivit\u00e4ten oder sonstiges Fehlverhalten zu untersuchen, aufzudecken, zu verhindern oder dagegen vorzugehen; (ii) um unsere Rechte auf Verteidigung zu begr\u00fcnden oder auszu\u00fcben; (iii) um unsere Rechte, unser Eigentum oder unsere pers\u00f6nliche Sicherheit sowie die Sicherheit unserer Nutzer oder der \u00d6ffentlichkeit zu sch\u00fctzen; (iv) im Falle eines Kontrollwechsels bei uns oder bei einem unserer verbundenen Unternehmen (im Wege einer Verschmelzung, des Erwerbs oder Kaufs (im Wesentlichen) aller Verm\u00f6genswerte u.a.); (v) um Ihre Daten mittels befugter Drittanbieter zu erfassen, vorzuhalten und\/oder zu verwalten (z.B. Cloud-Service-Anbieter), soweit dies f\u00fcr gesch\u00e4ftliche Zwecke angemessen ist; (vi) um mit Drittanbietern gemeinsam an der Verbesserung Ihres Nutzererlebnisses zu arbeiten. Zur Vermeidung von Missverst\u00e4ndnissen m\u00f6chten wir darauf hinweisen, dass wir nicht personenbezogene Daten nach eigenem Ermassen an Dritte \u00fcbermitteln bzw. weitergeben oder anderweitig verwenden k\u00f6nnen.<br><br>Sofern diese website einen Blog oder Forum enth\u00e4lt:<br>Bitte beachten Sie, dass unsere Dienste soziale Interaktionen (z.B. Inhalte, Informationen und Kommentare \u00f6ffentlich posten und mit anderen Nutzern chatten) erm\u00f6glichen. Wir weisen Sie darauf hin, dass alle Inhalte oder Daten, die Sie in diesen Bereichen zur Verf\u00fcgung stellen, von anderen Personen gelesen, erfasst und verwendet werden k\u00f6nnen. Wir raten davon ab, Informationen zu posten oder mit anderen zu teilen, die Sie nicht \u00f6ffentlich machen wollen. Wenn Sie Inhalte auf unseren digitalen Assets hochladen oder andersweitig im Rahmen der Nutzung eines Dienstes zur Verf\u00fcgung stellen, erfolgt dies auf eigenes Risiko. Wir k\u00f6nnen nicht die Aktionen anderer Nutzer oder Mitglieder der \u00d6ffentlichkeit mit Zugriff auf Ihre Daten oder Inhalte kontrollieren. Sie nehmen zur Kenntnis und best\u00e4tigen hiermit, dass Kopien Ihrer Daten selbst nach deren L\u00f6schung auf zwischengespeicherten und archivierten Seiten doer nach der Erstellung einer Kopie\/Speicherung Ihrer Inhalte durch Dritte abrufbar bleiben k\u00f6nnen.<\/p>\n\n\n\n<h5>Cookies und andere Technologien<\/h5>\n\n\n\n<p style=\"font-size:12px\">Ohne Ihre Zustimmung werden wir Ihre E-Mail-Adresse oder andere personenbezogenen Daten nicht an Werbeunternehmen oder Werbenetzwerke weitergeben.<\/p>\n\n\n\n<h5>Wo speichern wir die Daten?<\/h5>\n\n\n\n<p style=\"font-size:12px\">Nicht personenbezogene Daten<br><br>Bitte beachten Sie, dass unsere Unternehmen sowie unsere vertrauensw\u00fcrdigen Partner und Dienstanbieter auf der ganzen Welt ans\u00e4ssig sind. Zu den in dieser Datenschutzrichtlinie erl\u00e4uterten Zwecke speichern un verarbeiten wir alle nicht Personenbezogenen Daten, die wir erfassen, in unterschiedlichen Rechtsordnungen.<br><br>Personenbezogene Daten<br><br>Personenbezogene Daten k\u00f6nnen in den Vereinigten Staaten, in Irland, S\u00fcdkorea, Taiwan, Israel und sogweiter f\u00fcr die ordnungsgem\u00e4\u00dfe Bereitstellung unserer Dienste und\/oder gesetzlich vorgeschrieben (wie nachstehend weiter erl\u00e4utert) in anderen Rechtsordnung gepflegt, verarbeitet und gespeichert werden.<\/p>\n\n\n\n<h5>Wie lange werden die Daten vorgehalten?<\/h5>\n\n\n\n<p style=\"font-size:12px\">Bitte beachten Sie, dass wir die erfassten Daten so lange aufbewahren, wie es f\u00fcr die Bereitstellung unserer Dienste, zur Einhaltung unserer gesetzlichen und vertraglichen Verpflichtungen gegen\u00fcber Ihnen, zur Beilegung von Streitigkeiten und zur Durchsetzung unserer Vereinbarungen erforderlich ist. Wir k\u00f6nnen unrichtige oder unvollst\u00e4ndige Daten jederzeit nach eigenem Ermessen berichtigen, erg\u00e4nzen oder l\u00f6schen.<\/p>\n\n\n\n<h5>Wie sch\u00fctzen wir die Daten?<\/h5>\n\n\n\n<p style=\"font-size:12px\">Der Hosting-Dienst f\u00fcr unserer digitalen Assets stellt uns die Online-Plattform zur Verf\u00fcgung, \u00fcber die wir Ihnen unsere Dienste anbieten k\u00f6nnen. Ihre Daten k\u00f6nnen \u00fcber die Datenspeicherung, Datenbanken und allgemeine Anwendungen unseres Hosting-Anbieters gespeichert werden. Er speichert Ihre Daten auf sicheren Servern hinter einer Firewall und er bietet sicheren HTTPS-Zugriff auf die meisten Bereiche seiner Dienste.<br><br>Ungeachtet der von uns und unserem Hosting-Anbieter ergriffenen Ma\u00dfnahmen und Bem\u00fchungen k\u00f6nnen und werden wir keine absoluten Schutz und keine absolute Sicherheit der Daten garantieren, die Sie hochladen, ver\u00f6ffentlichen oder anderweitig an uns oder andere weitergeben.<br>Aus diesem Grund m\u00f6chten wir Sie bitten, sichere Passw\u00f6rter festzulegen und uns oder anderen nach M\u00f6glichkeit keine vertraulichen Informationen zu \u00fcbermitteln, deren Offenlegung Ihnen Ihrer Meinung nach erheblich bzw. nachhaltig schaden k\u00f6nnte. Da E-Mail und Instant Messaging nicht als sichere Kommunikationsformen gelten, bitten wir Sie au\u00dferdem, keine vertraulichen Informationen \u00fcber einen dieser Kommunikationskan\u00e4le weiterzugeben.<\/p>\n\n\n\n<h5>Wie gehen wir mit Minderj\u00e4hrigen um?<\/h5>\n\n\n\n<p style=\"font-size:12px\">Die Dienste sind nicht f\u00fcr Nutzer bestimmt, die noch nicht die gesetzliche Vollj\u00e4hrigkeit erreicht haben. Wir werden wissentlich keine Daten von Kindern erfassen. Wenn Sie noch nicht vollj\u00e4hrig sind, sollten Sie die Dienste nicht herunterladen oder nutzen und uns keine Informationen zur Verf\u00fcgung stellen.<br><br>Wir behalten uns das Recht vor, jederzeit einen Altersnachweis zu verlangen, damit wir \u00fcberpr\u00fcfen k\u00f6nnen, ob Minderj\u00e4hrige unsere Dienste nutzen. F\u00fcr den Fall, dass wir Kenntnis davon erlangen, dass ein Minderj\u00e4hriger unsere Dienste nutzt, k\u00f6nnen wir diesen Nutzer den Zugang zu unseren Diensten untersagen und ihn sperren, und wir k\u00f6nnen alle bei uns gespeicherten Daten \u00fcber diesen Nutzer l\u00f6schen. Sollten Sie Grund zur Annahme haben, dass ein Minderj\u00e4hriger Daten an uns weitergegeben hat, nehmen Sie bitte, wie unter erl\u00e4utert, Kontakt zu uns auf.<br><br>Wir verwenden Ihre personenbezogenen Daten nur f\u00fcr die in der Datenschutzrichtlinie festgelegten Zwecke und nur, wenn wir davon \u00fcberzeugt sind, dass:<br><br>&#8211; die Verwendung Ihrer personenbezogenen Daten erforderlich ist, um einen Vertrag zu erf\u00fcllen oder zu schli\u00dfen (z.B. um Ihnen die Dienste selbst odder Kundenbetreuung bzw. technischen Support bereitzustellen),<br>&#8211; die Verwendung Ihrer personenbezogenen Daten notwendig ist, um entsprechenden rechtlichen oder beh\u00f6rdlichen Verpflichtungen nachzukommen, oder<br>&#8211; die Verwendung Ihrer personenbezogenen Daten notwendig ist, um unsere berechtigen gesch\u00e4ftlichen Interessen zu unterst\u00fctzen (unter der Ma\u00dfgabe, dass dies jederzeit in einer Weise erfolgt, die verh\u00e4ltnism\u00e4\u00dfig ist und Ihre Datenschutzrechte respektiert).<br><br>Als EU-Ans\u00e4ssiger k\u00f6nnen Sie:<br>&#8211; eine Bet\u00e4tigung dar\u00fcber verlangen, ob personenbezogene Daten verarbeitet werden, die Sie betreffen, oder nicht, und Zugriff auf ihre gespeicherten personenbezogenen Daten sowie auf bestimmte Zusatzinformationen anfordern;<br>&#8211; den Erhalt von personenbezogenen Daten, die Sie uns bereitgestellt haben, in einem strukturierten, g\u00e4ngigen und maschinenlesbaren Format verlangen;<br>&#8211; die Berichtigung Ihrer personenbezogenen Daten verlangen, die bei uns gespeichert sind;<br>&#8211; die L\u00f6schung Ihrer personenbezogenen Daten verlangen;<br>&#8211; die Verarbeitung Ihrer personenbezogenen Daten durch uns widersprechen;<br>&#8211; die Einschr\u00e4nkung der Verarbeitung Ihrer personenbezogenen Daten verlangen, oder<br>&#8211; eine Beschwerde bei einer Aufsichtsbeh\u00f6rde einreichen.<br>Bitte beachten Sie jedoch, dass diese Rechte nicht uneingeschr\u00e4nkt g\u00fcltig sind und unseren eigenen berechtigten Interessen und regulatorischen Anforderungen unterliegen k\u00f6nnen. Wenn Sie allgemeine Fragen zu den von uns erfassten personenbezogenen Daten und deren Verwendung haben, wenden Sie sich bitte an uns, wie unten angegeben.<br>Im Zuge der Bereitstellung der Dienste k\u00f6nnen wir Daten grenz\u00fcberschreitend an verbundene Unternehmen oder andere Dritte und aus Ihrem Land\/Ihrer Rechtsordnung in andere L\u00e4nder \/Rechtsordnungen weltweit \u00fcbertragen. Durch die Nutzung der Dienste stimmen Sie der \u00dcbertragung Ihrer Daten au\u00dferhalb des EWR zu.<br>Wenn Sie im EWR ans\u00e4ssig sind, werden Ihre personenbezogenen Daten nur dann an Standorte au\u00dferhalb der EWR \u00fcbertragen, wenn wir davon \u00fcberzeugt sind, dass ein angemessenes oder vergleichbares Niveau zum Schutz personenbezogener Daten besteht. Wir werden geeignete Schritte unternehmen, um sicherzustellen, dass wir \u00fcber angemessenen vertragliche Vereinbarungen mit unseren Drittparteien verf\u00fcgen, um zu gew\u00e4hrleisten, dass entsprechende Sicherheitsvorkehrungen getroffen werden, so dass das Risiko einer unrechtm\u00e4\u00dfigen Nutzung, \u00c4nderung,L\u00f6schung, eines Verlusts oder Diebstahls Ihrer personenbezogenen Daten minimiert wird und dass diese Drittparteien jederzeit in \u00dcbereinstimmung mit den geltenden Gesetzen handeln.<br><br>Rechte gem\u00e4\u00df kalifornischem Verbrauchergesetz:<br>Wenn Sie die Dienste als Einwohner Kaliforniens nutzen, dann sind Sie m\u00f6glicherweise nach dem kalifornischen Verbrauchergesetz (California Consumer Privacy Act; &#8222;CCPA&#8220;) berechtigt, Zugriff auf und L\u00f6schung Ihrer Daten zu verlangen.<br>Um Ihr Recht auf Zugriff und die L\u00f6schung Ihrer Daten geltend zu machen, lesen Sie bitte nachstehend, wie Sie Kontakt zu uns aufnehmen k\u00f6nnen.<br>Wir verkaufen keine personenbezogenen Daten der Nutzer f\u00fcr die Absichten und Zwecke des CCPA.<\/p>\n\n\n\n<h5>Aktualisierungen oder \u00c4nderungen der Datenschutzrichtlinie<\/h5>\n\n\n\n<p style=\"font-size:12px\">Wir k\u00f6nnen diese Datenschutzrichtlinie nach eigenem Ermessen von Zeit zu Zeit \u00fcberarbeiten, die auf der Website ver\u00f6ffntlichte Version ist immer aktuell (siehe Angaben zum &#8222;Stand&#8220;). Wir bitten Sie , diese Datenschutzrichtlinie regelm\u00e4\u00dfig auf \u00c4nderungen zu \u00fcberpr\u00fcfen. Bei wesentlichen \u00c4nderungen werden wir einen Hinweis dazu auf unserer Website ver\u00f6ffentlichen. Wenn Sie die Dienste nach erfolgter Benachrichtigung \u00fcber \u00c4nderungen auf unsere Website weiter nutzen, gilt dies als Ihre Best\u00e4tigung und Zustimmung zu den \u00c4nderungen der Datenschutzrichtlinie und Ihr Einverst\u00e4ndnis an die Bindungen dieser \u00c4nderungen gebunden zu sein.<\/p>\n\n\n\n<h5>Kontakt<\/h5>\n\n\n\n<p style=\"font-size:12px\">Wenn Sie allgemeine Fragen zu den Diensten oder den von uns \u00fcber Sie erfassten Daten und deren Verwendung haben, kontaktieren Sie uns bitte unter:<br><br>NAME:                           Simon Wittlinger<br>ANSCHRIFT:                 Stelz 1, 9614 Libingen<br>E-Mail-Addresse:         info@siwise.ch<br><\/p>\n\n\n\n<h5><\/h5>\n\n\n\n<p style=\"font-size:12px\"><\/p>\n","protected":false},"excerpt":{"rendered":"<p>Einleitung Wir (&#8222;wir&#8220;, &#8222;uns&#8220;, &#8222;unser\/e&#8220;) nehme den Schutz der Daten der Nutzer (&#8222;Nutzer&#8220; oder &#8222;Sie&#8220;) unserer Website und\/oder unseres Mobile-App (die &#8222;Website&#8220; bzw. der &#8222;Mobile-App&#8220;) sehr ernst und verpflichten uns, die Informationen, die Nutzer uns in Verbindung mit der Nutzung unserer Website und\/oder unseres Mobile-App (zusammen: &#8222;digitale Assets&#8220;) zur Verf\u00fcgung stellen, zu sch\u00fctzen. des Weiteren&hellip; <a class=\"more-link\" href=\"https:\/\/siwise.ch\/?page_id=119\"><span class=\"screen-reader-text\">Datenschutz<\/span> weiterlesen<\/a><\/p>\n","protected":false},"author":1,"featured_media":0,"parent":0,"menu_order":0,"comment_status":"closed","ping_status":"closed","template":"","meta":[],"_links":{"self":[{"href":"https:\/\/siwise.ch\/index.php?rest_route=\/wp\/v2\/pages\/119"}],"collection":[{"href":"https:\/\/siwise.ch\/index.php?rest_route=\/wp\/v2\/pages"}],"about":[{"href":"https:\/\/siwise.ch\/index.php?rest_route=\/wp\/v2\/types\/page"}],"author":[{"embeddable":true,"href":"https:\/\/siwise.ch\/index.php?rest_route=\/wp\/v2\/users\/1"}],"replies":[{"embeddable":true,"href":"https:\/\/siwise.ch\/index.php?rest_route=%2Fwp%2Fv2%2Fcomments&post=119"}],"version-history":[{"count":2,"href":"https:\/\/siwise.ch\/index.php?rest_route=\/wp\/v2\/pages\/119\/revisions"}],"predecessor-version":[{"id":170,"href":"https:\/\/siwise.ch\/index.php?rest_route=\/wp\/v2\/pages\/119\/revisions\/170"}],"wp:attachment":[{"href":"https:\/\/siwise.ch\/index.php?rest_route=%2Fwp%2Fv2%2Fmedia&parent=119"}],"curies":[{"name":"wp","href":"https:\/\/api.w.org\/{rel}","templated":true}]}}