{"id":49,"date":"2021-07-13T14:09:59","date_gmt":"2021-07-13T14:09:59","guid":{"rendered":"http:\/\/siwise.ch\/?page_id=49"},"modified":"2022-06-03T20:22:40","modified_gmt":"2022-06-03T20:22:40","slug":"impressum","status":"publish","type":"page","link":"https:\/\/siwise.ch\/?page_id=49","title":{"rendered":"Impressum"},"content":{"rendered":"\n<div class=\"is-layout-flow wp-block-group\"><div class=\"wp-block-group__inner-container\">\n<h5 class=\"has-normal-font-size\">Kontaktadresse<\/h5>\n\n\n\n<div class=\"is-layout-flow wp-block-group\"><div class=\"wp-block-group__inner-container\">\n<h5 style=\"font-size:12px\">Simon Wittlinger<br>Stelz 1<br>9614 Libingen<br>E-mail:info@siwise.ch<\/h5>\n<\/div><\/div>\n\n\n\n<h5 class=\"has-normal-font-size\">Mehrwertsteuernummer<\/h5>\n\n\n\n<h5 style=\"font-size:12px\">UID: CHE-158.858.130 MWST<\/h5>\n\n\n\n<h5>Haftungsausschluss<\/h5>\n\n\n\n<p style=\"font-size:12px\">Der Autor \u00fcbernimmt keinerlei Gew\u00e4hr hinsichtlich der inhaltlichen Richtigkeit, Genauigkeit, Aktualit\u00e4t, Zuverl\u00e4ssigkeit und Vollst\u00e4ndigkeit der Informationen.<br>Haftungsanspr\u00fcche gegen den Autor wegen Sch\u00e4den materieller oder immaterieller Art, welche aus dem Zugriff oder der Nutzung bzw. Nichtnutzung der ver\u00f6ffentlichten informationen, durch Missbrauch der Verbindung oder durch technische St\u00f6rungen entstanden sind, werden ausgeschlossen.<br>Alle Angebote sind unverbindlich. Der Autor h\u00e4lt es sich ausdr\u00fccklich vor, Teile der Seiten oder das gesamte Angebot ohne gesonderte Ank\u00fcndigung zu ver\u00e4ndern, zu erg\u00e4nzen, zu l\u00f6schen oder die Ver\u00f6ffentlichung zeitweise oder endg\u00fcltig einzustellen.<\/p>\n\n\n\n<h5>Haftung f\u00fcr Links<\/h5>\n\n\n\n<p style=\"font-size:12px\">Verweise und Links auf Webseiten Dritter liegen ausserhalb unsere Verantwortungsbereichs. Er wird jegliche Verantwortung f\u00fcr solche Webseiten abgelehnt. Der Zugriff und die Nutzung solcher Webseiten erfolgen auf eigene Gefahr des Nutzers oder der Nutzerin.<\/p>\n\n\n\n<h5>Urheberrechte<\/h5>\n\n\n\n<p style=\"font-size:12px\">Die Urheber- und alle anderen Rechte an Inhalten, Bildern, Fotos oder anderen Dateien auf der Webseite geh\u00f6ren ausschlie\u00dflich <span class=\"has-inline-color has-gray-color\">Simon Wittlinger Service<\/span> oder den speziell genannten Rechtsinhabern. F\u00fcr die Reproduktion jeglicher Elemente ist die schriftliche Zustimmung der Urheberrechtstr\u00e4ger im Voraus einzuholen.<\/p>\n\n\n\n<p><\/p>\n\n\n\n<p style=\"font-size:12px\"> <\/p>\n<\/div><\/div>\n","protected":false},"excerpt":{"rendered":"<p>Kontaktadresse Simon WittlingerStelz 19614 LibingenE-mail:info@siwise.ch Mehrwertsteuernummer UID: CHE-158.858.130 MWST Haftungsausschluss Der Autor \u00fcbernimmt keinerlei Gew\u00e4hr hinsichtlich der inhaltlichen Richtigkeit, Genauigkeit, Aktualit\u00e4t, Zuverl\u00e4ssigkeit und Vollst\u00e4ndigkeit der Informationen.Haftungsanspr\u00fcche gegen den Autor wegen Sch\u00e4den materieller oder immaterieller Art, welche aus dem Zugriff oder der Nutzung bzw. Nichtnutzung der ver\u00f6ffentlichten informationen, durch Missbrauch der Verbindung oder durch technische St\u00f6rungen&hellip; <a class=\"more-link\" href=\"https:\/\/siwise.ch\/?page_id=49\"><span class=\"screen-reader-text\">Impressum<\/span> weiterlesen<\/a><\/p>\n","protected":false},"author":1,"featured_media":0,"parent":0,"menu_order":0,"comment_status":"closed","ping_status":"closed","template":"","meta":[],"_links":{"self":[{"href":"https:\/\/siwise.ch\/index.php?rest_route=\/wp\/v2\/pages\/49"}],"collection":[{"href":"https:\/\/siwise.ch\/index.php?rest_route=\/wp\/v2\/pages"}],"about":[{"href":"https:\/\/siwise.ch\/index.php?rest_route=\/wp\/v2\/types\/page"}],"author":[{"embeddable":true,"href":"https:\/\/siwise.ch\/index.php?rest_route=\/wp\/v2\/users\/1"}],"replies":[{"embeddable":true,"href":"https:\/\/siwise.ch\/index.php?rest_route=%2Fwp%2Fv2%2Fcomments&post=49"}],"version-history":[{"count":6,"href":"https:\/\/siwise.ch\/index.php?rest_route=\/wp\/v2\/pages\/49\/revisions"}],"predecessor-version":[{"id":206,"href":"https:\/\/siwise.ch\/index.php?rest_route=\/wp\/v2\/pages\/49\/revisions\/206"}],"wp:attachment":[{"href":"https:\/\/siwise.ch\/index.php?rest_route=%2Fwp%2Fv2%2Fmedia&parent=49"}],"curies":[{"name":"wp","href":"https:\/\/api.w.org\/{rel}","templated":true}]}}